{"id":355,"date":"2024-01-09T09:31:41","date_gmt":"2024-01-09T09:31:41","guid":{"rendered":"https:\/\/dev.bralyvn.com\/?page_id=355"},"modified":"2024-04-19T14:15:45","modified_gmt":"2024-04-19T07:15:45","slug":"career","status":"publish","type":"page","link":"https:\/\/bralyvn.com\/index.php\/career\/","title":{"rendered":"Career"},"content":{"rendered":"\n<div class=\"wp-block-group alignfull is-layout-constrained wp-block-group-is-layout-constrained\">\n<div style=\"background-image:url(&#039;https:\/\/bralyvn.com\/wp-content\/uploads\/2024\/01\/page-header-bg.svg&#039;);background-size:cover;\" class=\"wp-block-group alignfull has-background is-content-justification-center is-nowrap is-layout-flex wp-container-core-group-is-layout-4 wp-block-group-is-layout-flex\">\n<div class=\"wp-block-group is-layout-constrained wp-block-group-is-layout-constrained\">\n<div class=\"wp-block-group is-content-justification-center is-nowrap is-layout-flex wp-container-core-group-is-layout-1 wp-block-group-is-layout-flex\" style=\"margin-top:var(--wp--preset--spacing--60);margin-bottom:var(--wp--preset--spacing--30)\">\n<h1 class=\"wp-block-heading\" style=\"margin-right:0;font-size:3rem\">Tuy\u1ec3n<\/h1>\n\n\n\n<h1 class=\"wp-block-heading has-text-color has-link-color wp-elements-2ba6a9e297c0571e7492469bb654128f\" style=\"color:#4878f2;font-size:3rem\">d\u1ee5ng<\/h1>\n<\/div>\n\n\n\n<div class=\"wp-block-group is-content-justification-center is-layout-flex wp-container-core-group-is-layout-2 wp-block-group-is-layout-flex\" style=\"margin-top:0;margin-bottom:var(--wp--preset--spacing--60)\">\n<h5 class=\"wp-block-heading has-text-align-center has-body-text-color has-text-color has-link-color has-normal-font-size wp-elements-38ed3211b758047331138cb0953d539d\" style=\"margin-right:var(--wp--preset--spacing--30)\">H\u00e3y \u0111\u1ed3ng h\u00e0nh c\u00f9ng Braly, ch\u00fang t\u00f4i \u0111ang ch\u1edd \u0111\u00f3n b\u1ea1n! \ud83d\ude80<\/h5>\n<\/div>\n<\/div>\n<\/div>\n<\/div>\n\n\n\n<div class=\"wp-block-group alignfull is-content-justification-center is-nowrap is-layout-flex wp-container-core-group-is-layout-30 wp-block-group-is-layout-flex\">\n<div class=\"wp-block-columns wp-container-content-1 is-layout-flex wp-container-core-columns-is-layout-1 wp-block-columns-is-layout-flex\">\n<div class=\"wp-block-column is-vertically-aligned-center is-layout-flow wp-block-column-is-layout-flow\" style=\"flex-basis:10%\"><\/div>\n\n\n\n<div class=\"wp-block-column is-vertically-aligned-center is-layout-constrained wp-block-column-is-layout-constrained\" style=\"flex-basis:100%\">\n<div class=\"wp-block-query alignfull is-layout-flow wp-block-query-is-layout-flow\"><ul class=\"wp-block-post-template is-content-justification-center is-layout-constrained wp-container-core-post-template-is-layout-1 wp-block-post-template-is-layout-constrained\"><li class=\"wp-block-post post-1859 post type-post status-publish format-standard hentry category-career\">\n\n<div class=\"wp-block-group alignfull shadow-effect2 has-background-background-color has-background is-layout-flow wp-container-core-group-is-layout-11 wp-block-group-is-layout-flow\" style=\"border-style:none;border-width:0px;border-radius:15px;margin-bottom:var(--wp--preset--spacing--60);padding-top:var(--wp--preset--spacing--40);padding-right:var(--wp--preset--spacing--60);padding-bottom:var(--wp--preset--spacing--40);padding-left:var(--wp--preset--spacing--60)\">\n<div class=\"wp-block-group alignwide has-text-color has-link-color has-small-font-size wp-elements-bcf5441c20c1afe2803057f3e4a19046 is-nowrap is-layout-flex wp-container-core-group-is-layout-6 wp-block-group-is-layout-flex\" style=\"color:#00000087;margin-right:0;margin-left:0;padding-right:0;padding-left:0\"><h2 style=\"color:#4878f2; margin-top:var(--wp--preset--spacing--30);margin-bottom:var(--wp--preset--spacing--30); font-size:1.5rem;\" class=\"has-link-color alignwide has-text-color wp-block-post-title wp-elements-ad5b2c68570fe33b5f4706e5deb9d4fd\"><a href=\"https:\/\/bralyvn.com\/index.php\/2025\/02\/10\/fresher-backend-developer-golang\/\" target=\"_self\" >UA MARKETING LEADER (UPTO 40M)<\/a><\/h2><\/div>\n\n\n\n<div class=\"wp-block-group alignfull is-content-justification-left is-nowrap is-layout-flex wp-container-core-group-is-layout-9 wp-block-group-is-layout-flex\" style=\"margin-bottom:var(--wp--preset--spacing--60)\">\n<div class=\"wp-block-group is-nowrap is-layout-flex wp-container-core-group-is-layout-7 wp-block-group-is-layout-flex\">\n<figure class=\"wp-block-image size-large\"><img loading=\"lazy\" decoding=\"async\" width=\"18\" height=\"16\" src=\"https:\/\/bralyvn.com\/wp-content\/uploads\/2024\/01\/all-level-icon.svg\" alt=\"\" class=\"wp-image-897\"\/><\/figure>\n\n\n\n<p class=\"has-text-align-left\" style=\"margin-right:var(--wp--preset--spacing--60);margin-left:var(--wp--preset--spacing--20);font-size:0.9rem\">All Level<\/p>\n<\/div>\n\n\n\n<div class=\"wp-block-group is-nowrap is-layout-flex wp-container-core-group-is-layout-8 wp-block-group-is-layout-flex\">\n<figure class=\"wp-block-image size-large is-resized\"><img loading=\"lazy\" decoding=\"async\" width=\"18\" height=\"18\" src=\"https:\/\/bralyvn.com\/wp-content\/uploads\/2024\/01\/full-time-icon.svg\" alt=\"\" class=\"wp-image-898\" style=\"width:20px;height:auto\"\/><\/figure>\n\n\n\n<p class=\"has-text-align-left\" style=\"margin-left:var(--wp--preset--spacing--20);font-size:0.9rem\">Full-time<\/p>\n<\/div>\n<\/div>\n\n\n\n<div class=\"wp-block-group alignfull is-content-justification-left is-nowrap is-layout-flex wp-container-core-group-is-layout-10 wp-block-group-is-layout-flex\" style=\"margin-bottom:0\"><div style=\"color:#00000087; padding-right:0;padding-left:0;margin-right:0;margin-left:0; font-size:0.9rem;\" class=\"has-link-color has-text-color wp-block-post-excerpt wp-elements-e15b402900261c14e1f948e01ceca9db\"><p class=\"wp-block-post-excerpt__excerpt\">1. M\u00f4 t\u1ea3 c\u00f4ng vi\u1ec7c 2. Quy\u1ec1n l\u1ee3i 3. Y\u00eau c\u1ea7u \u1ee9ng vi\u00ean Th\u1ee9 2 \u0111\u1ebfn th\u1ee9 6: 8h30 \u2013 18h00;\u00a02 bu\u1ed5i s\u00e1ng Th\u1ee9 7\/th\u00e1ng: 08h30 \u2013 12h00 (+84) 397 600 999 tuyendung@bralyvn.com T\u1ea7ng 4 T\u00f2a Garden Hill, 99 Tr\u1ea7n B\u00ecnh, Nam T\u1eeb Li\u00eam, H\u00e0 N\u1ed9i <\/p><\/div><\/div>\n<\/div>\n\n<\/li><li class=\"wp-block-post post-1559 post type-post status-publish format-standard hentry category-career\">\n\n<div class=\"wp-block-group alignfull shadow-effect2 has-background-background-color has-background is-layout-flow wp-container-core-group-is-layout-17 wp-block-group-is-layout-flow\" style=\"border-style:none;border-width:0px;border-radius:15px;margin-bottom:var(--wp--preset--spacing--60);padding-top:var(--wp--preset--spacing--40);padding-right:var(--wp--preset--spacing--60);padding-bottom:var(--wp--preset--spacing--40);padding-left:var(--wp--preset--spacing--60)\">\n<div class=\"wp-block-group alignwide has-text-color has-link-color has-small-font-size wp-elements-bcf5441c20c1afe2803057f3e4a19046 is-nowrap is-layout-flex wp-container-core-group-is-layout-12 wp-block-group-is-layout-flex\" style=\"color:#00000087;margin-right:0;margin-left:0;padding-right:0;padding-left:0\"><h2 style=\"color:#4878f2; margin-top:var(--wp--preset--spacing--30);margin-bottom:var(--wp--preset--spacing--30); font-size:1.5rem;\" class=\"has-link-color alignwide has-text-color wp-block-post-title wp-elements-ad5b2c68570fe33b5f4706e5deb9d4fd\"><a href=\"https:\/\/bralyvn.com\/index.php\/2025\/02\/09\/ux-ui-designer-fresher-jr-mid\/\" target=\"_self\" >ANDROID DEVELOPER (MID) &#8211; UPTO 35M<\/a><\/h2><\/div>\n\n\n\n<div class=\"wp-block-group alignfull is-content-justification-left is-nowrap is-layout-flex wp-container-core-group-is-layout-15 wp-block-group-is-layout-flex\" style=\"margin-bottom:var(--wp--preset--spacing--60)\">\n<div class=\"wp-block-group is-nowrap is-layout-flex wp-container-core-group-is-layout-13 wp-block-group-is-layout-flex\">\n<figure class=\"wp-block-image size-large\"><img loading=\"lazy\" decoding=\"async\" width=\"18\" height=\"16\" src=\"https:\/\/bralyvn.com\/wp-content\/uploads\/2024\/01\/all-level-icon.svg\" alt=\"\" class=\"wp-image-897\"\/><\/figure>\n\n\n\n<p class=\"has-text-align-left\" style=\"margin-right:var(--wp--preset--spacing--60);margin-left:var(--wp--preset--spacing--20);font-size:0.9rem\">All Level<\/p>\n<\/div>\n\n\n\n<div class=\"wp-block-group is-nowrap is-layout-flex wp-container-core-group-is-layout-14 wp-block-group-is-layout-flex\">\n<figure class=\"wp-block-image size-large is-resized\"><img loading=\"lazy\" decoding=\"async\" width=\"18\" height=\"18\" src=\"https:\/\/bralyvn.com\/wp-content\/uploads\/2024\/01\/full-time-icon.svg\" alt=\"\" class=\"wp-image-898\" style=\"width:20px;height:auto\"\/><\/figure>\n\n\n\n<p class=\"has-text-align-left\" style=\"margin-left:var(--wp--preset--spacing--20);font-size:0.9rem\">Full-time<\/p>\n<\/div>\n<\/div>\n\n\n\n<div class=\"wp-block-group alignfull is-content-justification-left is-nowrap is-layout-flex wp-container-core-group-is-layout-16 wp-block-group-is-layout-flex\" style=\"margin-bottom:0\"><div style=\"color:#00000087; padding-right:0;padding-left:0;margin-right:0;margin-left:0; font-size:0.9rem;\" class=\"has-link-color has-text-color wp-block-post-excerpt wp-elements-e15b402900261c14e1f948e01ceca9db\"><p class=\"wp-block-post-excerpt__excerpt\">1. M\u00f4 t\u1ea3 c\u00f4ng vi\u1ec7c 2. Quy\u1ec1n l\u1ee3i 3. Y\u00eau c\u1ea7u \u1ee9ng vi\u00ean Th\u1ee9 2 \u0111\u1ebfn th\u1ee9 6: 8h30 \u2013 18h00;\u00a02 bu\u1ed5i s\u00e1ng Th\u1ee9 7\/th\u00e1ng: 08h30 \u2013 12h00 (+84) 397 600 999 tuyendung@bralyvn.com T\u1ea7ng 4 T\u00f2a Garden Hill, 99 Tr\u1ea7n B\u00ecnh, Nam T\u1eeb Li\u00eam, H\u00e0 N\u1ed9i <\/p><\/div><\/div>\n<\/div>\n\n<\/li><li class=\"wp-block-post post-1561 post type-post status-publish format-standard hentry category-career\">\n\n<div class=\"wp-block-group alignfull shadow-effect2 has-background-background-color has-background is-layout-flow wp-container-core-group-is-layout-23 wp-block-group-is-layout-flow\" style=\"border-style:none;border-width:0px;border-radius:15px;margin-bottom:var(--wp--preset--spacing--60);padding-top:var(--wp--preset--spacing--40);padding-right:var(--wp--preset--spacing--60);padding-bottom:var(--wp--preset--spacing--40);padding-left:var(--wp--preset--spacing--60)\">\n<div class=\"wp-block-group alignwide has-text-color has-link-color has-small-font-size wp-elements-bcf5441c20c1afe2803057f3e4a19046 is-nowrap is-layout-flex wp-container-core-group-is-layout-18 wp-block-group-is-layout-flex\" style=\"color:#00000087;margin-right:0;margin-left:0;padding-right:0;padding-left:0\"><h2 style=\"color:#4878f2; margin-top:var(--wp--preset--spacing--30);margin-bottom:var(--wp--preset--spacing--30); font-size:1.5rem;\" class=\"has-link-color alignwide has-text-color wp-block-post-title wp-elements-ad5b2c68570fe33b5f4706e5deb9d4fd\"><a href=\"https:\/\/bralyvn.com\/index.php\/2025\/02\/09\/quality-control-fresher-jr\/\" target=\"_self\" >QUALITY CONTROL (FRESHER, JR)<\/a><\/h2><\/div>\n\n\n\n<div class=\"wp-block-group alignfull is-content-justification-left is-nowrap is-layout-flex wp-container-core-group-is-layout-21 wp-block-group-is-layout-flex\" style=\"margin-bottom:var(--wp--preset--spacing--60)\">\n<div class=\"wp-block-group is-nowrap is-layout-flex wp-container-core-group-is-layout-19 wp-block-group-is-layout-flex\">\n<figure class=\"wp-block-image size-large\"><img loading=\"lazy\" decoding=\"async\" width=\"18\" height=\"16\" src=\"https:\/\/bralyvn.com\/wp-content\/uploads\/2024\/01\/all-level-icon.svg\" alt=\"\" class=\"wp-image-897\"\/><\/figure>\n\n\n\n<p class=\"has-text-align-left\" style=\"margin-right:var(--wp--preset--spacing--60);margin-left:var(--wp--preset--spacing--20);font-size:0.9rem\">All Level<\/p>\n<\/div>\n\n\n\n<div class=\"wp-block-group is-nowrap is-layout-flex wp-container-core-group-is-layout-20 wp-block-group-is-layout-flex\">\n<figure class=\"wp-block-image size-large is-resized\"><img loading=\"lazy\" decoding=\"async\" width=\"18\" height=\"18\" src=\"https:\/\/bralyvn.com\/wp-content\/uploads\/2024\/01\/full-time-icon.svg\" alt=\"\" class=\"wp-image-898\" style=\"width:20px;height:auto\"\/><\/figure>\n\n\n\n<p class=\"has-text-align-left\" style=\"margin-left:var(--wp--preset--spacing--20);font-size:0.9rem\">Full-time<\/p>\n<\/div>\n<\/div>\n\n\n\n<div class=\"wp-block-group alignfull is-content-justification-left is-nowrap is-layout-flex wp-container-core-group-is-layout-22 wp-block-group-is-layout-flex\" style=\"margin-bottom:0\"><div style=\"color:#00000087; padding-right:0;padding-left:0;margin-right:0;margin-left:0; font-size:0.9rem;\" class=\"has-link-color has-text-color wp-block-post-excerpt wp-elements-e15b402900261c14e1f948e01ceca9db\"><p class=\"wp-block-post-excerpt__excerpt\">1. M\u00f4 t\u1ea3 c\u00f4ng vi\u1ec7c 2. Quy\u1ec1n l\u1ee3i 3. Y\u00eau c\u1ea7u \u1ee9ng vi\u00ean Th\u1ee9 2 \u0111\u1ebfn th\u1ee9 6: 8h30 \u2013 18h00;\u00a02 bu\u1ed5i s\u00e1ng Th\u1ee9 7\/th\u00e1ng: 08h30 \u2013 12h00 (+84) 397 600 999 tuyendung@bralyvn.com T\u1ea7ng 4 T\u00f2a Garden Hill, 99 Tr\u1ea7n B\u00ecnh, Nam T\u1eeb Li\u00eam, H\u00e0 N\u1ed9i <\/p><\/div><\/div>\n<\/div>\n\n<\/li><li class=\"wp-block-post post-1856 post type-post status-publish format-standard hentry category-career\">\n\n<div class=\"wp-block-group alignfull shadow-effect2 has-background-background-color has-background is-layout-flow wp-container-core-group-is-layout-29 wp-block-group-is-layout-flow\" style=\"border-style:none;border-width:0px;border-radius:15px;margin-bottom:var(--wp--preset--spacing--60);padding-top:var(--wp--preset--spacing--40);padding-right:var(--wp--preset--spacing--60);padding-bottom:var(--wp--preset--spacing--40);padding-left:var(--wp--preset--spacing--60)\">\n<div class=\"wp-block-group alignwide has-text-color has-link-color has-small-font-size wp-elements-bcf5441c20c1afe2803057f3e4a19046 is-nowrap is-layout-flex wp-container-core-group-is-layout-24 wp-block-group-is-layout-flex\" style=\"color:#00000087;margin-right:0;margin-left:0;padding-right:0;padding-left:0\"><h2 style=\"color:#4878f2; margin-top:var(--wp--preset--spacing--30);margin-bottom:var(--wp--preset--spacing--30); font-size:1.5rem;\" class=\"has-link-color alignwide has-text-color wp-block-post-title wp-elements-ad5b2c68570fe33b5f4706e5deb9d4fd\"><a href=\"https:\/\/bralyvn.com\/index.php\/2025\/02\/09\/video-editor\/\" target=\"_self\" >HUMAN RESOURCE &#8211; CHUY\u00caN TUY\u1ec2N D\u1ee4NG (12-20M)<\/a><\/h2><\/div>\n\n\n\n<div class=\"wp-block-group alignfull is-content-justification-left is-nowrap is-layout-flex wp-container-core-group-is-layout-27 wp-block-group-is-layout-flex\" style=\"margin-bottom:var(--wp--preset--spacing--60)\">\n<div class=\"wp-block-group is-nowrap is-layout-flex wp-container-core-group-is-layout-25 wp-block-group-is-layout-flex\">\n<figure class=\"wp-block-image size-large\"><img loading=\"lazy\" decoding=\"async\" width=\"18\" height=\"16\" src=\"https:\/\/bralyvn.com\/wp-content\/uploads\/2024\/01\/all-level-icon.svg\" alt=\"\" class=\"wp-image-897\"\/><\/figure>\n\n\n\n<p class=\"has-text-align-left\" style=\"margin-right:var(--wp--preset--spacing--60);margin-left:var(--wp--preset--spacing--20);font-size:0.9rem\">All Level<\/p>\n<\/div>\n\n\n\n<div class=\"wp-block-group is-nowrap is-layout-flex wp-container-core-group-is-layout-26 wp-block-group-is-layout-flex\">\n<figure class=\"wp-block-image size-large is-resized\"><img loading=\"lazy\" decoding=\"async\" width=\"18\" height=\"18\" src=\"https:\/\/bralyvn.com\/wp-content\/uploads\/2024\/01\/full-time-icon.svg\" alt=\"\" class=\"wp-image-898\" style=\"width:20px;height:auto\"\/><\/figure>\n\n\n\n<p class=\"has-text-align-left\" style=\"margin-left:var(--wp--preset--spacing--20);font-size:0.9rem\">Full-time<\/p>\n<\/div>\n<\/div>\n\n\n\n<div class=\"wp-block-group alignfull is-content-justification-left is-nowrap is-layout-flex wp-container-core-group-is-layout-28 wp-block-group-is-layout-flex\" style=\"margin-bottom:0\"><div style=\"color:#00000087; padding-right:0;padding-left:0;margin-right:0;margin-left:0; font-size:0.9rem;\" class=\"has-link-color has-text-color wp-block-post-excerpt wp-elements-e15b402900261c14e1f948e01ceca9db\"><p class=\"wp-block-post-excerpt__excerpt\">1. M\u00f4 t\u1ea3 c\u00f4ng vi\u1ec7c 2. Quy\u1ec1n l\u1ee3i 3. Y\u00eau c\u1ea7u \u1ee9ng vi\u00ean Th\u1ee9 2 \u0111\u1ebfn th\u1ee9 6: 8h30 \u2013 18h00;\u00a02 bu\u1ed5i s\u00e1ng Th\u1ee9 7\/th\u00e1ng: 08h30 \u2013 12h00 (+84) 397 600 999 tuyendung@bralyvn.com T\u1ea7ng 4 T\u00f2a Garden Hill, 99 Tr\u1ea7n B\u00ecnh, Nam T\u1eeb Li\u00eam, H\u00e0 N\u1ed9i <\/p><\/div><\/div>\n<\/div>\n\n<\/li><\/ul>\n\n<nav style=\"color:#4878f2;\" class=\"has-link-color aligncenter has-text-color wp-block-query-pagination wp-elements-e67389c4087d20ae636cf39d2e8be544 is-horizontal is-content-justification-center is-layout-flex wp-container-core-query-pagination-is-layout-1 wp-block-query-pagination-is-layout-flex\" aria-label=\"Pagination\">\n\n\n<a href=\"\/index.php\/wp-json\/wp\/v2\/pages\/355?query-5-page=2\" class=\"wp-block-query-pagination-next\">Trang ti\u1ebfp theo<\/a>\n<\/nav>\n\n<\/div>\n<\/div>\n\n\n\n<div class=\"wp-block-column is-vertically-aligned-bottom is-layout-flow wp-block-column-is-layout-flow\" style=\"flex-basis:10%\"><\/div>\n<\/div>\n<\/div>\n","protected":false},"excerpt":{"rendered":"<p>Tuy\u1ec3n d\u1ee5ng H\u00e3y \u0111\u1ed3ng h\u00e0nh c\u00f9ng Braly, ch\u00fang t\u00f4i \u0111ang ch\u1edd \u0111\u00f3n b\u1ea1n! \ud83d\ude80<\/p>\n","protected":false},"author":3,"featured_media":0,"parent":0,"menu_order":0,"comment_status":"closed","ping_status":"closed","template":"page-no-title","meta":{"inline_featured_image":false,"jetpack_post_was_ever_published":false,"footnotes":""},"jetpack_sharing_enabled":true,"_links":{"self":[{"href":"https:\/\/bralyvn.com\/index.php\/wp-json\/wp\/v2\/pages\/355"}],"collection":[{"href":"https:\/\/bralyvn.com\/index.php\/wp-json\/wp\/v2\/pages"}],"about":[{"href":"https:\/\/bralyvn.com\/index.php\/wp-json\/wp\/v2\/types\/page"}],"author":[{"embeddable":true,"href":"https:\/\/bralyvn.com\/index.php\/wp-json\/wp\/v2\/users\/3"}],"replies":[{"embeddable":true,"href":"https:\/\/bralyvn.com\/index.php\/wp-json\/wp\/v2\/comments?post=355"}],"version-history":[{"count":118,"href":"https:\/\/bralyvn.com\/index.php\/wp-json\/wp\/v2\/pages\/355\/revisions"}],"predecessor-version":[{"id":1672,"href":"https:\/\/bralyvn.com\/index.php\/wp-json\/wp\/v2\/pages\/355\/revisions\/1672"}],"wp:attachment":[{"href":"https:\/\/bralyvn.com\/index.php\/wp-json\/wp\/v2\/media?parent=355"}],"curies":[{"name":"wp","href":"https:\/\/api.w.org\/{rel}","templated":true}]}}